{"id":777,"date":"2026-02-19T13:57:44","date_gmt":"2026-02-19T13:57:44","guid":{"rendered":"https:\/\/informalinecv.es\/?post_type=product&#038;p=777"},"modified":"2026-02-20T17:27:47","modified_gmt":"2026-02-20T17:27:47","slug":"mantenimiento-web","status":"publish","type":"product","link":"https:\/\/informalinecv.es\/en\/product\/mantenimiento-web","title":{"rendered":"Mantenimiento Web"},"content":{"rendered":"<div class=\"Y3BBE\" data-sfc-cp=\"\" data-hveid=\"CAEQAA\" data-processed=\"true\">\n<p data-start=\"1019\" data-end=\"1137\"><strong>Actualizaciones t\u00e9cnicas, seguridad, optimizaci\u00f3n de velocidad y soporte continuo para tu p\u00e1gina web<\/strong>.<\/p>\n<\/div>","protected":false},"excerpt":{"rendered":"<div class=\"Y3BBE\" data-sfc-cp=\"\" data-hveid=\"CAMQAA\" data-processed=\"true\"><strong class=\"Yjhzub\" data-processed=\"true\">Componentes Clave del Mantenimiento Web:<\/strong><button class=\"rBl3me\" tabindex=\"0\" data-amic=\"true\" data-icl-uuid=\"1c9e0344-6a96-4cee-91ed-223c00ceb4bb\" aria-label=\"Ver enlaces relacionados\" data-wiz-attrbind=\"disabled=taxhl_y\/C5gNJc;aria-label=taxhl_y\/bOjMyf;class=taxhl_y\/UpSNec\" data-ved=\"2ahUKEwiw-prH2uWSAxX9hv0HHXf7K7sQye0OegQIAxAB\" data-processed=\"true\"><\/button><\/div>\n<ul class=\"KsbFXc U6u95\" data-processed=\"true\">\n<li data-hveid=\"CAQQAA\" data-processed=\"true\"><span class=\"T286Pc\" data-sfc-cp=\"\" data-processed=\"true\"><strong class=\"Yjhzub\" data-processed=\"true\">Seguridad:<\/strong>\u00a0Implementaci\u00f3n de certificados SSL, firewalls y monitoreo contra ataques.<\/span><\/li>\n<li data-hveid=\"CAQQAQ\" data-processed=\"true\"><span class=\"T286Pc\" data-sfc-cp=\"\" data-processed=\"true\"><strong class=\"Yjhzub\" data-processed=\"true\">Actualizaciones:<\/strong>\u00a0Actualizaci\u00f3n del CMS (ej. WordPress), temas y plugins para evitar vulnerabilidades.<\/span><\/li>\n<li data-hveid=\"CAQQAg\" data-processed=\"true\"><span class=\"T286Pc\" data-sfc-cp=\"\" data-processed=\"true\"><strong class=\"Yjhzub\" data-processed=\"true\">Copias de Seguridad (Backups):<\/strong>\u00a0Realizaci\u00f3n peri\u00f3dica de copias para asegurar la recuperaci\u00f3n r\u00e1pida ante errores o hackeos.<\/span><\/li>\n<li data-hveid=\"CAQQAw\" data-processed=\"true\"><span class=\"T286Pc\" data-sfc-cp=\"\" data-processed=\"true\"><strong class=\"Yjhzub\" data-processed=\"true\">Optimizaci\u00f3n de Contenido:<\/strong>\u00a0Actualizaci\u00f3n de textos, im\u00e1genes y productos para mantener la informaci\u00f3n vigente.<\/span><\/li>\n<li data-hveid=\"CAQQBA\" data-processed=\"true\"><span class=\"T286Pc\" data-sfc-cp=\"\" data-processed=\"true\"><strong class=\"Yjhzub\" data-processed=\"true\">Rendimiento:<\/strong>\u00a0Optimizaci\u00f3n de la base de datos y velocidad de carga.<\/span><\/li>\n<li data-hveid=\"CAQQBQ\" data-processed=\"true\"><span class=\"T286Pc\" data-sfc-cp=\"\" data-processed=\"true\"><strong class=\"Yjhzub\" data-processed=\"true\">Soporte T\u00e9cnico:<\/strong>\u00a0Correcci\u00f3n de errores y resoluci\u00f3n de incidencias t\u00e9cnicas.<\/span><span class=\"uJ19be notranslate\" data-wiz-uids=\"taxhl_1l,taxhl_1m\" data-processed=\"true\"><span class=\"vKEkVd\" data-animation-atomic=\"\" data-wiz-attrbind=\"class=taxhl_1k\/TKHnVd\" data-processed=\"true\"><span aria-hidden=\"true\" data-processed=\"true\">\u00a0<\/span><button class=\"rBl3me IWyTpf pjvauc\" tabindex=\"0\" data-amic=\"true\" data-icl-uuid=\"0ab46fb7-a0dd-4641-9863-80b111d77559\" aria-label=\"Mailchimp (+4) - Ver enlaces relacionados\" data-wiz-attrbind=\"disabled=taxhl_1k\/C5gNJc;aria-label=taxhl_1k\/bOjMyf;class=taxhl_1k\/UpSNec\" data-ved=\"2ahUKEwiw-prH2uWSAxX9hv0HHXf7K7sQye0OegQIBBAG\" data-processed=\"true\"><\/button><\/span><\/span>\n<div class=\"Fwa2Od\" data-animation-skip=\"\" data-signal-inputs=\"scS1X=taxhl_1k\/scS1X\" data-ved=\"2ahUKEwiw-prH2uWSAxX9hv0HHXf7K7sQ3s0SegQIBBAH\" data-processed=\"true\"><\/div>\n<\/li>\n<\/ul>\n<div class=\"Y3BBE\" data-sfc-cp=\"\" data-hveid=\"CAUQAA\" data-processed=\"true\">Aprende sobre herramientas \u00fatiles para automatizar el mantenimiento de tu sitio web:<\/div>\n<div data-sfc-cp=\"\" data-hveid=\"CAUQAA\" data-processed=\"true\">\n<div class=\"Y3BBE\" data-sfc-cp=\"\" data-hveid=\"CAYQAA\" data-processed=\"true\"><strong class=\"Yjhzub\" data-processed=\"true\">Beneficios de un Mantenimiento Web Regular:<\/strong><button class=\"rBl3me\" tabindex=\"0\" data-amic=\"true\" data-icl-uuid=\"9d8c5cd8-af77-45f3-ae7b-bb9eea96d3aa\" aria-label=\"Ver enlaces relacionados\" data-wiz-attrbind=\"disabled=taxhl_27\/C5gNJc;aria-label=taxhl_27\/bOjMyf;class=taxhl_27\/UpSNec\" data-ved=\"2ahUKEwiw-prH2uWSAxX9hv0HHXf7K7sQye0OegQIBhAB\" data-processed=\"true\"><\/button><\/div>\n<ul class=\"KsbFXc U6u95\" data-processed=\"true\">\n<li data-hveid=\"CAcQAA\" data-processed=\"true\"><span class=\"T286Pc\" data-sfc-cp=\"\" data-processed=\"true\"><strong class=\"Yjhzub\" data-processed=\"true\">Mejor Posicionamiento (SEO):<\/strong>\u00a0Los buscadores prefieren sitios r\u00e1pidos y actualizados.<\/span><\/li>\n<li data-hveid=\"CAcQAQ\" data-processed=\"true\"><span class=\"T286Pc\" data-sfc-cp=\"\" data-processed=\"true\"><strong class=\"Yjhzub\" data-processed=\"true\">Experiencia de Usuario (UX):<\/strong>\u00a0Un sitio sin errores retiene mejor a los visitantes.<\/span><\/li>\n<li data-hveid=\"CAcQAg\" data-processed=\"true\"><span class=\"T286Pc\" data-sfc-cp=\"\" data-processed=\"true\"><strong class=\"Yjhzub\" data-processed=\"true\">Seguridad:<\/strong>\u00a0Reduce el riesgo de p\u00e9rdida de datos o hackeos.<\/span><\/li>\n<li data-hveid=\"CAcQAw\" data-processed=\"true\"><span class=\"T286Pc\" data-sfc-cp=\"\" data-processed=\"true\"><strong class=\"Yjhzub\" data-processed=\"true\">Continuidad:<\/strong>\u00a0Evita ca\u00eddas del sitio que afectan las ventas.<\/span><span class=\"uJ19be notranslate\" data-wiz-uids=\"taxhl_2o,taxhl_2p\" data-processed=\"true\"><span class=\"vKEkVd\" data-animation-atomic=\"\" data-wiz-attrbind=\"class=taxhl_2n\/TKHnVd\" data-processed=\"true\"><span aria-hidden=\"true\" data-processed=\"true\">\u00a0<\/span><button class=\"rBl3me IWyTpf pjvauc\" tabindex=\"0\" data-amic=\"true\" data-icl-uuid=\"5fb6b61e-cd7e-4e1d-829a-67daac45a904\" aria-label=\"www.xplora.eu (+4) - Ver enlaces relacionados\" data-wiz-attrbind=\"disabled=taxhl_2n\/C5gNJc;aria-label=taxhl_2n\/bOjMyf;class=taxhl_2n\/UpSNec\" data-ved=\"2ahUKEwiw-prH2uWSAxX9hv0HHXf7K7sQye0OegQIBxAE\" data-processed=\"true\"><\/button><\/span><\/span>\n<div class=\"Fwa2Od\" data-animation-skip=\"\" data-signal-inputs=\"scS1X=taxhl_2n\/scS1X\" data-ved=\"2ahUKEwiw-prH2uWSAxX9hv0HHXf7K7sQ3s0SegQIBxAF\" data-processed=\"true\"><span class=\"wJwe6c\" data-processed=\"true\"><span class=\"iFMVXd\" data-processed=\"true\">www.xplora.eu<\/span><span class=\"IjM6od\" data-processed=\"true\">\u00a0+4<\/span><\/span><\/div>\n<\/li>\n<\/ul>\n<div class=\"Y3BBE\" data-sfc-cp=\"\" data-hveid=\"CAgQAA\" data-processed=\"true\">Existen modalidades de mantenimiento que incluyen bonos de horas, tarifas mensuales o soporte por demanda<\/div>\n<\/div>","protected":false},"featured_media":764,"comment_status":"open","ping_status":"closed","template":"","meta":[],"product_brand":[],"product_cat":[90],"product_tag":[],"class_list":{"0":"post-777","1":"product","2":"type-product","3":"status-publish","4":"has-post-thumbnail","6":"product_cat-diseno-web","8":"first","9":"instock","10":"virtual","11":"purchasable","12":"product-type-simple"},"_links":{"self":[{"href":"https:\/\/informalinecv.es\/en\/wp-json\/wp\/v2\/product\/777","targetHints":{"allow":["GET"]}}],"collection":[{"href":"https:\/\/informalinecv.es\/en\/wp-json\/wp\/v2\/product"}],"about":[{"href":"https:\/\/informalinecv.es\/en\/wp-json\/wp\/v2\/types\/product"}],"replies":[{"embeddable":true,"href":"https:\/\/informalinecv.es\/en\/wp-json\/wp\/v2\/comments?post=777"}],"wp:featuredmedia":[{"embeddable":true,"href":"https:\/\/informalinecv.es\/en\/wp-json\/wp\/v2\/media\/764"}],"wp:attachment":[{"href":"https:\/\/informalinecv.es\/en\/wp-json\/wp\/v2\/media?parent=777"}],"wp:term":[{"taxonomy":"product_brand","embeddable":true,"href":"https:\/\/informalinecv.es\/en\/wp-json\/wp\/v2\/product_brand?post=777"},{"taxonomy":"product_cat","embeddable":true,"href":"https:\/\/informalinecv.es\/en\/wp-json\/wp\/v2\/product_cat?post=777"},{"taxonomy":"product_tag","embeddable":true,"href":"https:\/\/informalinecv.es\/en\/wp-json\/wp\/v2\/product_tag?post=777"}],"curies":[{"name":"wp","href":"https:\/\/api.w.org\/{rel}","templated":true}]}}