{"id":774,"date":"2026-02-19T13:54:02","date_gmt":"2026-02-19T13:54:02","guid":{"rendered":"https:\/\/informalinecv.es\/?post_type=product&#038;p=774"},"modified":"2026-02-20T20:06:45","modified_gmt":"2026-02-20T20:06:45","slug":"diseno-web-wordpress","status":"publish","type":"product","link":"https:\/\/informalinecv.es\/en\/product\/diseno-web-wordpress","title":{"rendered":"Dise\u00f1o Web WordPress"},"content":{"rendered":"<div class=\"OZ9ddf WAUd4\">\n<div class=\"nk9vdc fQ3B4e\">\n<div data-container-id=\"favicons-placeholder\">\n<div class=\"Hc6GJ\">\n<div class=\"QUUgY\" tabindex=\"0\" role=\"button\" data-cid=\"_UxWXabWlPJTCnsEPv-W-OA_8\" aria-label=\"Ver 3 enlaces de corroboraci\u00f3n\" data-hveid=\"CAMQAA\" data-ved=\"2ahUKEwj1msPJ2eWSAxUUoScCHb-yDwcQz8oNegQIAxAA\">\n<div class=\"Ru9aSc\" data-rc=\"0\">\n<div class=\"Y3BBE\" data-sfc-cp=\"\" data-hveid=\"CAMQAA\">\n<h2 data-start=\"129\" data-end=\"167\">\ud83c\udf10 Dise\u00f1o Web WordPress Profesional<\/h2>\n<p data-start=\"169\" data-end=\"332\">En InformalineCV ofrecemos servicios de dise\u00f1o web profesional en WordPress, creando p\u00e1ginas modernas, r\u00e1pidas y optimizadas para convertir visitantes en clientes.<\/p>\n<p data-start=\"334\" data-end=\"551\">Dise\u00f1amos sitios web corporativos, tiendas online y p\u00e1ginas personalizadas adaptadas a cada negocio. Trabajamos con estructuras limpias, dise\u00f1o responsive (adaptado a m\u00f3vil), velocidad optimizada y seguridad avanzada.<\/p>\n<p data-start=\"553\" data-end=\"578\">Nuestro servicio incluye:<\/p>\n<p data-start=\"580\" data-end=\"751\">\u2714 Dise\u00f1o moderno y profesional<br data-start=\"610\" data-end=\"613\" \/>\u2714 Optimizaci\u00f3n SEO b\u00e1sica<br data-start=\"638\" data-end=\"641\" \/>\u2714 Instalaci\u00f3n y configuraci\u00f3n de WordPress<br data-start=\"683\" data-end=\"686\" \/>\u2714 Seguridad y certificado SSL<br data-start=\"715\" data-end=\"718\" \/>\u2714 Soporte t\u00e9cnico personalizado<\/p>\n<p data-start=\"753\" data-end=\"829\">Creamos p\u00e1ginas web pensadas para crecer, vender y posicionarse en internet.<\/p>\n<p data-start=\"921\" data-end=\"1105\">\n<\/div>\n<\/div>\n<\/div>\n<\/div>\n<\/div>\n<\/div>\n<\/div>","protected":false},"excerpt":{"rendered":"<p data-start=\"836\" data-end=\"960\"><strong>Instalaci\u00f3n y configuraci\u00f3n profesional de WordPress, dise\u00f1o b\u00e1sico, activaci\u00f3n SSL y optimizaci\u00f3n inicial.<\/strong><\/p>","protected":false},"featured_media":761,"comment_status":"open","ping_status":"closed","template":"","meta":[],"product_brand":[],"product_cat":[90],"product_tag":[],"class_list":{"0":"post-774","1":"product","2":"type-product","3":"status-publish","4":"has-post-thumbnail","6":"product_cat-diseno-web","8":"first","9":"instock","10":"virtual","11":"purchasable","12":"product-type-simple"},"_links":{"self":[{"href":"https:\/\/informalinecv.es\/en\/wp-json\/wp\/v2\/product\/774","targetHints":{"allow":["GET"]}}],"collection":[{"href":"https:\/\/informalinecv.es\/en\/wp-json\/wp\/v2\/product"}],"about":[{"href":"https:\/\/informalinecv.es\/en\/wp-json\/wp\/v2\/types\/product"}],"replies":[{"embeddable":true,"href":"https:\/\/informalinecv.es\/en\/wp-json\/wp\/v2\/comments?post=774"}],"wp:featuredmedia":[{"embeddable":true,"href":"https:\/\/informalinecv.es\/en\/wp-json\/wp\/v2\/media\/761"}],"wp:attachment":[{"href":"https:\/\/informalinecv.es\/en\/wp-json\/wp\/v2\/media?parent=774"}],"wp:term":[{"taxonomy":"product_brand","embeddable":true,"href":"https:\/\/informalinecv.es\/en\/wp-json\/wp\/v2\/product_brand?post=774"},{"taxonomy":"product_cat","embeddable":true,"href":"https:\/\/informalinecv.es\/en\/wp-json\/wp\/v2\/product_cat?post=774"},{"taxonomy":"product_tag","embeddable":true,"href":"https:\/\/informalinecv.es\/en\/wp-json\/wp\/v2\/product_tag?post=774"}],"curies":[{"name":"wp","href":"https:\/\/api.w.org\/{rel}","templated":true}]}}