{"id":773,"date":"2026-02-19T13:49:43","date_gmt":"2026-02-19T13:49:43","guid":{"rendered":"https:\/\/informalinecv.es\/?post_type=product&#038;p=773"},"modified":"2026-02-20T20:12:14","modified_gmt":"2026-02-20T20:12:14","slug":"correo-profesional","status":"publish","type":"product","link":"https:\/\/informalinecv.es\/en\/product\/correo-profesional","title":{"rendered":"Correo Profesional"},"content":{"rendered":"<div class=\"Y3BBE\" data-sfc-cp=\"\" data-hveid=\"CAEQAA\" data-processed=\"true\">\n<p>Un correo profesional es una direcci\u00f3n vinculada a un dominio propio (ej.\u00a0<code class=\"o8j0Mc\" dir=\"ltr\" data-processed=\"true\">nombre@empresa.com<\/code>) que transmite credibilidad, seriedad e identidad de marca. A diferencia de los correos gratuitos, utiliza estructuras formales, un asunto claro, un tono respetuoso y una firma detallada para asegurar una comunicaci\u00f3n comercial efectiva y confiable.<span class=\"uJ19be notranslate\" data-wiz-uids=\"RgrH8b_c,RgrH8b_d\" data-processed=\"true\"><span class=\"vKEkVd\" data-animation-atomic=\"\" data-wiz-attrbind=\"class=RgrH8b_b\/TKHnVd\" data-processed=\"true\"><span aria-hidden=\"true\" data-processed=\"true\">\u00a0<\/span><button class=\"rBl3me IWyTpf pjvauc\" tabindex=\"0\" data-amic=\"true\" data-icl-uuid=\"d072e21a-afd4-4754-bf32-2b4037d4a2e6\" aria-label=\"One.com (+4) - Ver enlaces relacionados\" data-wiz-attrbind=\"disabled=RgrH8b_b\/C5gNJc;aria-label=RgrH8b_b\/bOjMyf;class=RgrH8b_b\/UpSNec\" data-ved=\"2ahUKEwiBhcbp2OWSAxUY9bsIHdfKLuMQye0OegQIARAB\" data-processed=\"true\"><\/button><\/span><\/span><\/p>\n<div class=\"Fwa2Od\" data-animation-skip=\"\" data-signal-inputs=\"scS1X=RgrH8b_b\/scS1X\" data-ved=\"2ahUKEwiBhcbp2OWSAxUY9bsIHdfKLuMQ3s0SegQIARAC\" data-processed=\"true\"><img decoding=\"async\" id=\"img-ihSXaYGYK5jq7_UP15W7mQ4_1\" class=\"lXbsme\" src=\"data:image\/png;base64,iVBORw0KGgoAAAANSUhEUgAAABAAAAAQCAYAAAAf8\/9hAAABBUlEQVQ4jZ2TMW6DQBBF36wAiTvYvsBK8R0okHwPmrQ0bmnduLNouEckCu7gSHsBnDtYAsSkAFsOiSPDr1areX\/\/aGeEifbV1tJ2CUqMsAFAqRFKfK84RGf3WC+3Q+ZscL1wBH1XMFPjsbgHycM1aWZdczfInA2uX3yoavQX+MtIpApX7DLrGgNwvXB8FQZQ1WhIC7Kvtpam\/XwW+2kK6An8N0PbJXNhAAVD2yUGJZ4LP7jE5v5VSyRsZkefyqDUi2mlNgjlYgOhNPheMUzYXJYe3yvMMNuSL3g+P0RnZwDCNamIVC+jIlW4JoVxgDLrmnDFTpDTf+0I9IKcbnsw3v3U3HX+Bq6FYbkjw3QfAAAAAElFTkSuQmCC\" alt=\"One.com\" data-deferred=\"3\" data-imglogged=\"true\" data-aatf=\"1\" data-processed=\"true\" data-imgprocessed=\"true\" \/><span class=\"wJwe6c\" data-processed=\"true\"><span class=\"iFMVXd\" data-processed=\"true\">One.com<\/span><span class=\"IjM6od\" data-processed=\"true\">\u00a0+4<\/span><\/span><\/div>\n<\/div>\n<div class=\"Y3BBE\" data-sfc-cp=\"\" data-hveid=\"CAIQAA\" data-processed=\"true\"><strong class=\"Yjhzub\" data-processed=\"true\">Caracter\u00edsticas Principales:<\/strong><button class=\"rBl3me\" tabindex=\"0\" data-amic=\"true\" data-icl-uuid=\"4a3be3d9-3217-44d3-b16a-dfdb9a07754d\" aria-label=\"Ver enlaces relacionados\" data-wiz-attrbind=\"disabled=RgrH8b_m\/C5gNJc;aria-label=RgrH8b_m\/bOjMyf;class=RgrH8b_m\/UpSNec\" data-ved=\"2ahUKEwiBhcbp2OWSAxUY9bsIHdfKLuMQye0OegQIAhAB\" data-processed=\"true\"><\/button><\/div>\n<ul class=\"KsbFXc U6u95\" data-processed=\"true\">\n<li data-hveid=\"CAMQAA\" data-processed=\"true\"><span class=\"T286Pc\" data-sfc-cp=\"\" data-processed=\"true\"><strong class=\"Yjhzub\" data-processed=\"true\">Dominio Personalizado:<\/strong>\u00a0Utiliza el nombre de la empresa, lo que aumenta la confianza del cliente.<\/span><\/li>\n<li data-hveid=\"CAMQAQ\" data-processed=\"true\"><span class=\"T286Pc\" data-sfc-cp=\"\" data-processed=\"true\"><strong class=\"Yjhzub\" data-processed=\"true\">Formato de Direcci\u00f3n:<\/strong>\u00a0Se recomienda\u00a0<code class=\"o8j0Mc\" dir=\"ltr\" data-processed=\"true\">nombre.apellido@empresa.com<\/code>\u00a0o variantes similares.<\/span><\/li>\n<li data-hveid=\"CAMQAg\" data-processed=\"true\"><span class=\"T286Pc\" data-sfc-cp=\"\" data-processed=\"true\"><strong class=\"Yjhzub\" data-processed=\"true\">Estructura Formal:<\/strong><\/span>\n<ul class=\"KsbFXc U6u95\" data-processed=\"true\">\n<li data-hveid=\"CAMQAw\" data-processed=\"true\"><span class=\"T286Pc\" data-sfc-cp=\"\" data-processed=\"true\"><strong class=\"Yjhzub\" data-processed=\"true\">Asunto:<\/strong>\u00a0Claro, directo y breve.<\/span><\/li>\n<li data-hveid=\"CAMQBA\" data-processed=\"true\"><span class=\"T286Pc\" data-sfc-cp=\"\" data-processed=\"true\"><strong class=\"Yjhzub\" data-processed=\"true\">Saludo:<\/strong>\u00a0Formal y personalizado.<\/span><\/li>\n<li data-hveid=\"CAMQBQ\" data-processed=\"true\"><span class=\"T286Pc\" data-sfc-cp=\"\" data-processed=\"true\"><strong class=\"Yjhzub\" data-processed=\"true\">Cuerpo:<\/strong>\u00a0Conciso, directo y sin faltas de ortograf\u00eda.<\/span><\/li>\n<li data-hveid=\"CAMQBg\" data-processed=\"true\"><span class=\"T286Pc\" data-sfc-cp=\"\" data-processed=\"true\"><strong class=\"Yjhzub\" data-processed=\"true\">Despedida:<\/strong>\u00a0Profesional y con los siguientes pasos claros.<\/span><\/li>\n<li data-hveid=\"CAMQBw\" data-processed=\"true\"><span class=\"T286Pc\" data-sfc-cp=\"\" data-processed=\"true\"><strong class=\"Yjhzub\" data-processed=\"true\">Firma:<\/strong>\u00a0Incluye nombre completo, cargo, empresa y datos de contacto.<\/span><span class=\"uJ19be notranslate\" data-wiz-uids=\"RgrH8b_1h,RgrH8b_1i\" data-processed=\"true\"><span class=\"vKEkVd\" data-animation-atomic=\"\" data-wiz-attrbind=\"class=RgrH8b_1g\/TKHnVd\" data-processed=\"true\"><span aria-hidden=\"true\" data-processed=\"true\">\u00a0<\/span><button class=\"rBl3me IWyTpf pjvauc\" tabindex=\"0\" data-amic=\"true\" data-icl-uuid=\"d5c041e4-82a3-44bd-9d78-57c047927396\" aria-label=\"One.com (+7) - Ver enlaces relacionados\" data-wiz-attrbind=\"disabled=RgrH8b_1g\/C5gNJc;aria-label=RgrH8b_1g\/bOjMyf;class=RgrH8b_1g\/UpSNec\" data-ved=\"2ahUKEwiBhcbp2OWSAxUY9bsIHdfKLuMQye0OegQIAxAI\" data-processed=\"true\"><\/button><\/span><\/span>\n<div class=\"Fwa2Od\" data-animation-skip=\"\" data-signal-inputs=\"scS1X=RgrH8b_1g\/scS1X\" data-ved=\"2ahUKEwiBhcbp2OWSAxUY9bsIHdfKLuMQ3s0SegQIAxAJ\" data-processed=\"true\"><img decoding=\"async\" id=\"img-ihSXaYGYK5jq7_UP15W7mQ4_2\" class=\"lXbsme\" src=\"data:image\/png;base64,iVBORw0KGgoAAAANSUhEUgAAABAAAAAQCAYAAAAf8\/9hAAABBUlEQVQ4jZ2TMW6DQBBF36wAiTvYvsBK8R0okHwPmrQ0bmnduLNouEckCu7gSHsBnDtYAsSkAFsOiSPDr1areX\/\/aGeEifbV1tJ2CUqMsAFAqRFKfK84RGf3WC+3Q+ZscL1wBH1XMFPjsbgHycM1aWZdczfInA2uX3yoavQX+MtIpApX7DLrGgNwvXB8FQZQ1WhIC7Kvtpam\/XwW+2kK6An8N0PbJXNhAAVD2yUGJZ4LP7jE5v5VSyRsZkefyqDUi2mlNgjlYgOhNPheMUzYXJYe3yvMMNuSL3g+P0RnZwDCNamIVC+jIlW4JoVxgDLrmnDFTpDTf+0I9IKcbnsw3v3U3HX+Bq6FYbkjw3QfAAAAAElFTkSuQmCC\" alt=\"One.com\" data-deferred=\"3\" data-imglogged=\"true\" data-aatf=\"4\" data-processed=\"true\" data-imgprocessed=\"true\" \/><span class=\"wJwe6c\" data-processed=\"true\"><span class=\"iFMVXd\" data-processed=\"true\">One.com<\/span><span class=\"IjM6od\" data-processed=\"true\">\u00a0+7<\/span><\/span><\/div>\n<\/li>\n<\/ul>\n<\/li>\n<\/ul>\n<div class=\"Y3BBE\" data-sfc-cp=\"\" data-hveid=\"CAQQAA\" data-processed=\"true\"><strong class=\"Yjhzub\" data-processed=\"true\">Beneficios de un Correo Profesional:<\/strong><button class=\"rBl3me\" tabindex=\"0\" data-amic=\"true\" data-icl-uuid=\"e7a53ec2-b625-4e8c-a3cd-db93ac2684bf\" aria-label=\"Ver enlaces relacionados\" data-wiz-attrbind=\"disabled=RgrH8b_1u\/C5gNJc;aria-label=RgrH8b_1u\/bOjMyf;class=RgrH8b_1u\/UpSNec\" data-ved=\"2ahUKEwiBhcbp2OWSAxUY9bsIHdfKLuMQye0OegQIBBAB\" data-processed=\"true\"><\/button><\/div>\n<ul class=\"KsbFXc U6u95\" data-processed=\"true\">\n<li data-hveid=\"CAYQAA\" data-processed=\"true\"><span class=\"T286Pc\" data-sfc-cp=\"\" data-processed=\"true\"><strong class=\"Yjhzub\" data-processed=\"true\">Imagen Corporativa:<\/strong>\u00a0Refuerza la profesionalidad y la marca.<\/span><\/li>\n<li data-hveid=\"CAYQAQ\" data-processed=\"true\"><span class=\"T286Pc\" data-sfc-cp=\"\" data-processed=\"true\"><strong class=\"Yjhzub\" data-processed=\"true\">Seguridad:<\/strong>\u00a0Suelen incluir filtros de spam y medidas de seguridad superiores a las cuentas gratuitas.<\/span><\/li>\n<\/ul>","protected":false},"excerpt":{"rendered":"<p data-start=\"628\" data-end=\"763\"><strong>Cuentas de correo corporativo con tu dominio (<a class=\"decorated-link cursor-pointer\" rel=\"noopener\" data-start=\"691\" data-end=\"712\">ejemplo@tudominio.com<\/a>). Configuraci\u00f3n r\u00e1pida y soporte t\u00e9cnico incluido.<\/strong><\/p>","protected":false},"featured_media":1043,"comment_status":"open","ping_status":"closed","template":"","meta":[],"product_brand":[],"product_cat":[90],"product_tag":[],"class_list":{"0":"post-773","1":"product","2":"type-product","3":"status-publish","4":"has-post-thumbnail","6":"product_cat-diseno-web","8":"first","9":"instock","10":"downloadable","11":"virtual","12":"purchasable","13":"product-type-simple"},"_links":{"self":[{"href":"https:\/\/informalinecv.es\/en\/wp-json\/wp\/v2\/product\/773","targetHints":{"allow":["GET"]}}],"collection":[{"href":"https:\/\/informalinecv.es\/en\/wp-json\/wp\/v2\/product"}],"about":[{"href":"https:\/\/informalinecv.es\/en\/wp-json\/wp\/v2\/types\/product"}],"replies":[{"embeddable":true,"href":"https:\/\/informalinecv.es\/en\/wp-json\/wp\/v2\/comments?post=773"}],"wp:featuredmedia":[{"embeddable":true,"href":"https:\/\/informalinecv.es\/en\/wp-json\/wp\/v2\/media\/1043"}],"wp:attachment":[{"href":"https:\/\/informalinecv.es\/en\/wp-json\/wp\/v2\/media?parent=773"}],"wp:term":[{"taxonomy":"product_brand","embeddable":true,"href":"https:\/\/informalinecv.es\/en\/wp-json\/wp\/v2\/product_brand?post=773"},{"taxonomy":"product_cat","embeddable":true,"href":"https:\/\/informalinecv.es\/en\/wp-json\/wp\/v2\/product_cat?post=773"},{"taxonomy":"product_tag","embeddable":true,"href":"https:\/\/informalinecv.es\/en\/wp-json\/wp\/v2\/product_tag?post=773"}],"curies":[{"name":"wp","href":"https:\/\/api.w.org\/{rel}","templated":true}]}}