{"id":705,"date":"2026-02-19T15:38:42","date_gmt":"2026-02-19T15:38:42","guid":{"rendered":"https:\/\/informalinecv.es\/?post_type=product&#038;p=705"},"modified":"2026-02-21T14:05:46","modified_gmt":"2026-02-21T14:05:46","slug":"lowhosting-basico-3","status":"publish","type":"product","link":"https:\/\/informalinecv.es\/en\/product\/lowhosting-basico-3","title":{"rendered":"LowHosting"},"content":{"rendered":"","protected":false},"excerpt":{"rendered":"<p>Hosting r\u00e1pido y econ\u00f3mico ideal para p\u00e1ginas personales y peque\u00f1os negocios.<br data-start=\"420\" data-end=\"423\" \/>Incluye instalaci\u00f3n WordPress en 1 clic, SSL gratis y soporte por WhatsApp.<\/p>","protected":false},"featured_media":759,"comment_status":"open","ping_status":"closed","template":"","meta":[],"product_brand":[],"product_cat":[87],"product_tag":[],"class_list":{"0":"post-705","1":"product","2":"type-product","3":"status-publish","4":"has-post-thumbnail","6":"product_cat-hosting","8":"first","9":"instock","10":"shipping-taxable","11":"purchasable","12":"product-type-variable"},"_links":{"self":[{"href":"https:\/\/informalinecv.es\/en\/wp-json\/wp\/v2\/product\/705","targetHints":{"allow":["GET"]}}],"collection":[{"href":"https:\/\/informalinecv.es\/en\/wp-json\/wp\/v2\/product"}],"about":[{"href":"https:\/\/informalinecv.es\/en\/wp-json\/wp\/v2\/types\/product"}],"replies":[{"embeddable":true,"href":"https:\/\/informalinecv.es\/en\/wp-json\/wp\/v2\/comments?post=705"}],"wp:featuredmedia":[{"embeddable":true,"href":"https:\/\/informalinecv.es\/en\/wp-json\/wp\/v2\/media\/759"}],"wp:attachment":[{"href":"https:\/\/informalinecv.es\/en\/wp-json\/wp\/v2\/media?parent=705"}],"wp:term":[{"taxonomy":"product_brand","embeddable":true,"href":"https:\/\/informalinecv.es\/en\/wp-json\/wp\/v2\/product_brand?post=705"},{"taxonomy":"product_cat","embeddable":true,"href":"https:\/\/informalinecv.es\/en\/wp-json\/wp\/v2\/product_cat?post=705"},{"taxonomy":"product_tag","embeddable":true,"href":"https:\/\/informalinecv.es\/en\/wp-json\/wp\/v2\/product_tag?post=705"}],"curies":[{"name":"wp","href":"https:\/\/api.w.org\/{rel}","templated":true}]}}