{"id":688,"date":"2026-02-18T18:14:07","date_gmt":"2026-02-18T18:14:07","guid":{"rendered":"https:\/\/informalinecv.es\/?post_type=product&#038;p=688"},"modified":"2026-02-20T14:44:30","modified_gmt":"2026-02-20T14:44:30","slug":"__trashed-4","status":"publish","type":"product","link":"https:\/\/informalinecv.es\/en\/product\/__trashed-4","title":{"rendered":"CV Profesional Cl\u00e1sico"},"content":{"rendered":"<p>Formato cl\u00e1sico y elegante, ideal para perfiles serios y trabajos tradicionales. Muy f\u00e1cil de leer para empresas y recursos humanos. Editable en Word.<\/p>","protected":false},"excerpt":{"rendered":"<p>Formato cl\u00e1sico y elegante, ideal para perfiles serios y trabajos tradicionales. Muy f\u00e1cil de leer para empresas y recursos humanos. Editable en Word.<\/p>","protected":false},"featured_media":729,"comment_status":"open","ping_status":"closed","template":"","meta":[],"product_brand":[],"product_cat":[87],"product_tag":[],"class_list":{"0":"post-688","1":"product","2":"type-product","3":"status-publish","4":"has-post-thumbnail","6":"product_cat-hosting","8":"first","9":"instock","10":"shipping-taxable","11":"purchasable","12":"product-type-simple"},"_links":{"self":[{"href":"https:\/\/informalinecv.es\/en\/wp-json\/wp\/v2\/product\/688","targetHints":{"allow":["GET"]}}],"collection":[{"href":"https:\/\/informalinecv.es\/en\/wp-json\/wp\/v2\/product"}],"about":[{"href":"https:\/\/informalinecv.es\/en\/wp-json\/wp\/v2\/types\/product"}],"replies":[{"embeddable":true,"href":"https:\/\/informalinecv.es\/en\/wp-json\/wp\/v2\/comments?post=688"}],"wp:featuredmedia":[{"embeddable":true,"href":"https:\/\/informalinecv.es\/en\/wp-json\/wp\/v2\/media\/729"}],"wp:attachment":[{"href":"https:\/\/informalinecv.es\/en\/wp-json\/wp\/v2\/media?parent=688"}],"wp:term":[{"taxonomy":"product_brand","embeddable":true,"href":"https:\/\/informalinecv.es\/en\/wp-json\/wp\/v2\/product_brand?post=688"},{"taxonomy":"product_cat","embeddable":true,"href":"https:\/\/informalinecv.es\/en\/wp-json\/wp\/v2\/product_cat?post=688"},{"taxonomy":"product_tag","embeddable":true,"href":"https:\/\/informalinecv.es\/en\/wp-json\/wp\/v2\/product_tag?post=688"}],"curies":[{"name":"wp","href":"https:\/\/api.w.org\/{rel}","templated":true}]}}