{"id":677,"date":"2026-02-17T17:28:50","date_gmt":"2026-02-17T17:28:50","guid":{"rendered":"https:\/\/informalinecv.es\/?post_type=product&#038;p=677"},"modified":"2026-02-20T14:44:41","modified_gmt":"2026-02-20T14:44:41","slug":"cv-moderno-azul","status":"publish","type":"product","link":"https:\/\/informalinecv.es\/en\/product\/cv-moderno-azul","title":{"rendered":"CV Moderno Azul"},"content":{"rendered":"<p data-start=\"206\" data-end=\"254\"><strong data-start=\"206\" data-end=\"254\">Plantilla CV Moderna Azul (Editable en Word)<\/strong><\/p>\n<p data-start=\"256\" data-end=\"339\">\u00bfQuieres un CV moderno, limpio y profesional para conseguir entrevistas m\u00e1s r\u00e1pido?<\/p>\n<p data-start=\"341\" data-end=\"452\">Con esta plantilla tendr\u00e1s un dise\u00f1o elegante y actual, ideal para presentar tu candidatura en Espa\u00f1a y Europa.<\/p>\n<h3 data-start=\"454\" data-end=\"468\">\u2705 Incluye:<\/h3>\n<ul data-start=\"469\" data-end=\"615\">\n<li data-start=\"469\" data-end=\"504\">\n<p data-start=\"471\" data-end=\"504\">1 Plantilla CV moderna color azul<\/p>\n<\/li>\n<li data-start=\"505\" data-end=\"536\">\n<p data-start=\"507\" data-end=\"536\">Formato Word editable (.DOCX)<\/p>\n<\/li>\n<li data-start=\"537\" data-end=\"573\">\n<p data-start=\"539\" data-end=\"573\">Versi\u00f3n lista para imprimir en PDF<\/p>\n<\/li>\n<li data-start=\"574\" data-end=\"615\">\n<p data-start=\"576\" data-end=\"615\">Dise\u00f1o profesional y f\u00e1cil de completar<\/p>\n<\/li>\n<\/ul>\n<h3 data-start=\"617\" data-end=\"635\">\ud83c\udfaf Ideal para:<\/h3>\n<ul data-start=\"636\" data-end=\"721\">\n<li data-start=\"636\" data-end=\"652\">\n<p data-start=\"638\" data-end=\"652\">Buscar trabajo<\/p>\n<\/li>\n<li data-start=\"653\" data-end=\"675\">\n<p data-start=\"655\" data-end=\"675\">Mejorar tu CV actual<\/p>\n<\/li>\n<li data-start=\"676\" data-end=\"721\">\n<p data-start=\"678\" data-end=\"721\">Presentarte a empresas de forma profesional<\/p>\n<\/li>\n<\/ul>\n<h3 data-start=\"723\" data-end=\"748\">\ud83d\udce5 Descarga inmediata<\/h3>\n<p data-start=\"749\" data-end=\"843\">Producto 100% digital.<br data-start=\"771\" data-end=\"774\" \/>Recibir\u00e1s el archivo para descargar autom\u00e1ticamente despu\u00e9s del pago.<\/p>","protected":false},"excerpt":{"rendered":"<p>Plantilla CV Moderna Azul (Editable en Word) \u00bfQuieres un CV moderno, limpio y profesional para conseguir entrevistas m\u00e1s r\u00e1pido? Con esta plantilla tendr\u00e1s un dise\u00f1o elegante y actual, ideal para presentar tu candidatura en Espa\u00f1a y Europa. \u2705 Incluye: 1 Plantilla CV moderna color azul Formato Word editable (.DOCX) Versi\u00f3n lista para imprimir en PDF [&#8230;]\n","protected":false},"featured_media":670,"comment_status":"open","ping_status":"closed","template":"","meta":[],"product_brand":[],"product_cat":[86],"product_tag":[],"class_list":{"0":"post-677","1":"product","2":"type-product","3":"status-publish","4":"has-post-thumbnail","6":"product_cat-plantillas-cv","8":"first","9":"instock","10":"downloadable","11":"virtual","12":"purchasable","13":"product-type-simple"},"_links":{"self":[{"href":"https:\/\/informalinecv.es\/en\/wp-json\/wp\/v2\/product\/677","targetHints":{"allow":["GET"]}}],"collection":[{"href":"https:\/\/informalinecv.es\/en\/wp-json\/wp\/v2\/product"}],"about":[{"href":"https:\/\/informalinecv.es\/en\/wp-json\/wp\/v2\/types\/product"}],"replies":[{"embeddable":true,"href":"https:\/\/informalinecv.es\/en\/wp-json\/wp\/v2\/comments?post=677"}],"wp:featuredmedia":[{"embeddable":true,"href":"https:\/\/informalinecv.es\/en\/wp-json\/wp\/v2\/media\/670"}],"wp:attachment":[{"href":"https:\/\/informalinecv.es\/en\/wp-json\/wp\/v2\/media?parent=677"}],"wp:term":[{"taxonomy":"product_brand","embeddable":true,"href":"https:\/\/informalinecv.es\/en\/wp-json\/wp\/v2\/product_brand?post=677"},{"taxonomy":"product_cat","embeddable":true,"href":"https:\/\/informalinecv.es\/en\/wp-json\/wp\/v2\/product_cat?post=677"},{"taxonomy":"product_tag","embeddable":true,"href":"https:\/\/informalinecv.es\/en\/wp-json\/wp\/v2\/product_tag?post=677"}],"curies":[{"name":"wp","href":"https:\/\/api.w.org\/{rel}","templated":true}]}}