{"id":1046,"date":"2026-02-20T23:56:27","date_gmt":"2026-02-20T23:56:27","guid":{"rendered":"https:\/\/informalinecv.es\/?post_type=product&#038;p=1046"},"modified":"2026-02-20T23:56:40","modified_gmt":"2026-02-20T23:56:40","slug":"250-gbps-protection","status":"publish","type":"product","link":"https:\/\/informalinecv.es\/en\/product\/250-gbps-protection","title":{"rendered":"250 GBPS PROTECTION"},"content":{"rendered":"","protected":false},"excerpt":{"rendered":"<h3>Mensual<\/h3>\n<div class=\"property-table\">\n<div class=\"property-row\">Especialmente optimizado para servidores de streaming. PANEL DE CONTROL. Panel de control instalado v\u00eda SSH a su servidor de protecci\u00f3n proxy. MITIGACI\u00d3N R\u00c1PIDA. Nuestro sistema de protecci\u00f3n DDoS detectar\u00e1 y bloquear\u00e1 cualquier ataque en menos de unos pocos milisegundos. Si\u00e9ntase libre de ataques DDoS. MONITOREO 24\/7. Monitoreamos cualquier escala de ataque DDoS y, si es necesario, podemos tomar medidas para personalizar nuestra protecci\u00f3n DDoS 24\/7. FILTRADO DE TR\u00c1FICO. Bloquearemos cualquier tipo de ataque DDoS a su sitio o servidor. Nuestros ingenieros de seguridad trabajan las 24 horas.<\/div>\n<\/div>","protected":false},"featured_media":1044,"comment_status":"open","ping_status":"closed","template":"","meta":[],"product_brand":[],"product_cat":[99],"product_tag":[],"class_list":{"0":"post-1046","1":"product","2":"type-product","3":"status-publish","4":"has-post-thumbnail","6":"product_cat-proteccion-de-escudo-proxy","8":"first","9":"instock","10":"virtual","11":"purchasable","12":"product-type-simple"},"_links":{"self":[{"href":"https:\/\/informalinecv.es\/en\/wp-json\/wp\/v2\/product\/1046","targetHints":{"allow":["GET"]}}],"collection":[{"href":"https:\/\/informalinecv.es\/en\/wp-json\/wp\/v2\/product"}],"about":[{"href":"https:\/\/informalinecv.es\/en\/wp-json\/wp\/v2\/types\/product"}],"replies":[{"embeddable":true,"href":"https:\/\/informalinecv.es\/en\/wp-json\/wp\/v2\/comments?post=1046"}],"wp:featuredmedia":[{"embeddable":true,"href":"https:\/\/informalinecv.es\/en\/wp-json\/wp\/v2\/media\/1044"}],"wp:attachment":[{"href":"https:\/\/informalinecv.es\/en\/wp-json\/wp\/v2\/media?parent=1046"}],"wp:term":[{"taxonomy":"product_brand","embeddable":true,"href":"https:\/\/informalinecv.es\/en\/wp-json\/wp\/v2\/product_brand?post=1046"},{"taxonomy":"product_cat","embeddable":true,"href":"https:\/\/informalinecv.es\/en\/wp-json\/wp\/v2\/product_cat?post=1046"},{"taxonomy":"product_tag","embeddable":true,"href":"https:\/\/informalinecv.es\/en\/wp-json\/wp\/v2\/product_tag?post=1046"}],"curies":[{"name":"wp","href":"https:\/\/api.w.org\/{rel}","templated":true}]}}