{"id":451,"date":"2026-02-11T21:12:48","date_gmt":"2026-02-11T21:12:48","guid":{"rendered":"https:\/\/informalinecv.es\/?page_id=451"},"modified":"2026-02-17T17:57:15","modified_gmt":"2026-02-17T17:57:15","slug":"aviso-legal","status":"publish","type":"page","link":"https:\/\/informalinecv.es\/en\/aviso-legal","title":{"rendered":"Aviso legal"},"content":{"rendered":"<p><strong>INFORMALINE \u2013 Health &amp; Supplements<\/strong><\/p>\n\n\n\n<p>En cumplimiento de la normativa vigente, se informa que el presente sitio web https:\/\/informalinecv.es<br>pertenece a:<\/p>\n\n\n\n<p><strong>Responsable:<\/strong> INFORMALINE<br><strong>Email:<\/strong><a>contacto@informalinecv.es<\/a><br><strong>Tel\u00e9fono\/WhatsApp:<\/strong> +34 618 64 08 60<\/p>\n\n\n\n<hr class=\"wp-block-separator has-alpha-channel-opacity\"\/>\n\n\n\n<p>El acceso y uso de este sitio web implica la aceptaci\u00f3n de las condiciones aqu\u00ed descritas.<\/p>\n\n\n\n<p>Todos los contenidos, marcas, im\u00e1genes y dise\u00f1os pertenecen a INFORMALINE o a sus respectivos propietarios y est\u00e1n protegidos por la legislaci\u00f3n vigente.<\/p>\n\n\n\n<p>INFORMALINE no se hace responsable del uso indebido de los productos adquiridos. Los suplementos alimenticios no sustituyen una dieta equilibrada.<\/p>","protected":false},"excerpt":{"rendered":"<p>INFORMALINE \u2013 Health &amp; Supplements En cumplimiento de la normativa vigente, se informa que el presente sitio web https:\/\/informalinecv.espertenece a: Responsable: INFORMALINEEmail:contacto@informalinecv.esTel\u00e9fono\/WhatsApp: +34 618 64 08 60 El acceso y uso de este sitio web implica la aceptaci\u00f3n de las condiciones aqu\u00ed descritas. Todos los contenidos, marcas, im\u00e1genes y dise\u00f1os pertenecen a INFORMALINE o a [&#8230;]\n","protected":false},"author":1,"featured_media":0,"parent":0,"menu_order":0,"comment_status":"closed","ping_status":"closed","template":"","meta":{"footnotes":""},"class_list":["post-451","page","type-page","status-publish","hentry"],"_links":{"self":[{"href":"https:\/\/informalinecv.es\/en\/wp-json\/wp\/v2\/pages\/451","targetHints":{"allow":["GET"]}}],"collection":[{"href":"https:\/\/informalinecv.es\/en\/wp-json\/wp\/v2\/pages"}],"about":[{"href":"https:\/\/informalinecv.es\/en\/wp-json\/wp\/v2\/types\/page"}],"author":[{"embeddable":true,"href":"https:\/\/informalinecv.es\/en\/wp-json\/wp\/v2\/users\/1"}],"replies":[{"embeddable":true,"href":"https:\/\/informalinecv.es\/en\/wp-json\/wp\/v2\/comments?post=451"}],"version-history":[{"count":9,"href":"https:\/\/informalinecv.es\/en\/wp-json\/wp\/v2\/pages\/451\/revisions"}],"predecessor-version":[{"id":686,"href":"https:\/\/informalinecv.es\/en\/wp-json\/wp\/v2\/pages\/451\/revisions\/686"}],"wp:attachment":[{"href":"https:\/\/informalinecv.es\/en\/wp-json\/wp\/v2\/media?parent=451"}],"curies":[{"name":"wp","href":"https:\/\/api.w.org\/{rel}","templated":true}]}}