{"id":272,"date":"2026-02-09T20:06:12","date_gmt":"2026-02-09T20:06:12","guid":{"rendered":"https:\/\/informalinecv.es\/?page_id=272"},"modified":"2026-02-11T12:52:50","modified_gmt":"2026-02-11T12:52:50","slug":"cookies","status":"publish","type":"page","link":"https:\/\/informalinecv.es\/en\/cookies","title":{"rendered":"COOKIES"},"content":{"rendered":"<section class=\"section\" id=\"section_1870371203\">\n\t\t<div class=\"section-bg fill\" >\n\t\t\t\t\t\t\t\t\t\n\t\t\t\n\n\t\t<\/div>\n\n\t\t\n\n\t\t<div class=\"section-content relative\">\n\t\t\t\n\n\t<div id=\"gap-883366449\" class=\"gap-element clearfix\" style=\"display:block; height:auto;\">\n\t\t\n<style>\n#gap-883366449 {\n  padding-top: 30px;\n}\n<\/style>\n\t<\/div>\n\t\n\n<div class=\"row\"  id=\"row-1222289985\">\n\n\n\t<div id=\"col-894117289\" class=\"col medium-4 small-12 large-4\"  >\n\t\t\t\t<div class=\"col-inner\"  >\n\t\t\t\n\t\t\t\n\n\t<div id=\"text-126054666\" class=\"text\">\n\t\t\n\n<h2>Cookies<\/h2>\n\t\t\n<style>\n#text-126054666 {\n  font-size: 1.15rem;\n  line-height: 1.9;\n  color: rgb(0,0,0);\n}\n#text-126054666 > * {\n  color: rgb(0,0,0);\n}\n<\/style>\n\t<\/div>\n\t\n\n\t\t<\/div>\n\t\t\t\t\t<\/div>\n\n\t\n\n\t<div id=\"col-2137616703\" class=\"col medium-8 small-12 large-8\"  >\n\t\t\t\t<div class=\"col-inner\"  >\n\t\t\t\n\t\t\t\n\n\t<div id=\"text-4031085579\" class=\"text\">\n\t\t\n\n<h1 data-start=\"175\" data-end=\"201\">\ud83c\udf6a POL\u00cdTICA DE COOKIES<\/h1>\n<p data-start=\"202\" data-end=\"217\"><strong data-start=\"202\" data-end=\"217\">INFORMALINE<\/strong><\/p>\n<p data-start=\"261\" data-end=\"427\">En INFORMALINE utilizamos cookies para mejorar la experiencia de navegaci\u00f3n del usuario, analizar el uso del sitio web y ofrecer contenidos adaptados a sus intereses.<\/p>\n<hr data-start=\"429\" data-end=\"432\" \/>\n<h2 data-start=\"434\" data-end=\"463\">1. \u00bfQU\u00c9 SON LAS COOKIES?<\/h2>\n<p data-start=\"464\" data-end=\"698\">Las cookies son peque\u00f1os archivos de texto que se almacenan en el dispositivo del usuario cuando visita una p\u00e1gina web. Sirven para recordar informaci\u00f3n sobre la visita, como preferencias o datos t\u00e9cnicos, y facilitar futuras visitas.<\/p>\n<hr data-start=\"700\" data-end=\"703\" \/>\n<h2 data-start=\"705\" data-end=\"756\">2. TIPOS DE COOKIES QUE UTILIZA ESTE SITIO WEB<\/h2>\n<h3 data-start=\"758\" data-end=\"797\">2.1 Cookies t\u00e9cnicas (necesarias)<\/h3>\n<p data-start=\"798\" data-end=\"878\">Permiten el funcionamiento b\u00e1sico del sitio web y el uso de sus funciones, como:<\/p>\n<ul data-start=\"880\" data-end=\"963\">\n<li data-start=\"880\" data-end=\"906\">\n<p data-start=\"882\" data-end=\"906\">Acceso a \u00e1reas seguras<\/p>\n<\/li>\n<li data-start=\"907\" data-end=\"940\">\n<p data-start=\"909\" data-end=\"940\">Gesti\u00f3n del carrito de compra<\/p>\n<\/li>\n<li data-start=\"941\" data-end=\"963\">\n<p data-start=\"943\" data-end=\"963\">Proceso de pedidos<\/p>\n<\/li>\n<\/ul>\n<p data-start=\"965\" data-end=\"1022\">Estas cookies no requieren el consentimiento del usuario.<\/p>\n<hr data-start=\"1024\" data-end=\"1027\" \/>\n<h3 data-start=\"1029\" data-end=\"1058\">2.2 Cookies de an\u00e1lisis<\/h3>\n<p data-start=\"1059\" data-end=\"1199\">Permiten analizar el comportamiento de los usuarios en el sitio web con el fin de mejorar nuestros servicios y la experiencia de navegaci\u00f3n.<\/p>\n<p data-start=\"1201\" data-end=\"1209\">Ejemplo:<\/p>\n<ul data-start=\"1210\" data-end=\"1261\">\n<li data-start=\"1210\" data-end=\"1261\">\n<p data-start=\"1212\" data-end=\"1261\">Google Analytics (u otras herramientas similares)<\/p>\n<\/li>\n<\/ul>\n<p data-start=\"1263\" data-end=\"1316\">Estas cookies recopilan informaci\u00f3n de forma an\u00f3nima.<\/p>\n<hr data-start=\"1318\" data-end=\"1321\" \/>\n<h3 data-start=\"1323\" data-end=\"1359\">2.3 Cookies de personalizaci\u00f3n<\/h3>\n<p data-start=\"1360\" data-end=\"1441\">Permiten recordar preferencias del usuario, como idioma o configuraci\u00f3n regional.<\/p>\n<hr data-start=\"1443\" data-end=\"1446\" \/>\n<h3 data-start=\"1448\" data-end=\"1477\">2.4 Cookies de terceros<\/h3>\n<p data-start=\"1478\" data-end=\"1594\">Este sitio web puede utilizar cookies de terceros, como servicios de an\u00e1lisis, redes sociales o plataformas de pago.<\/p>\n<p data-start=\"1596\" data-end=\"1731\">INFORMALINE no tiene control directo sobre estas cookies, por lo que se recomienda revisar las pol\u00edticas de cookies de dichos terceros.<\/p>\n<hr data-start=\"1733\" data-end=\"1736\" \/>\n<h2 data-start=\"1738\" data-end=\"1780\">3. GESTI\u00d3N Y CONFIGURACI\u00d3N DE COOKIES<\/h2>\n<p data-start=\"1781\" data-end=\"1921\">El usuario puede permitir, bloquear o eliminar las cookies instaladas en su dispositivo mediante la configuraci\u00f3n del navegador que utilice.<\/p>\n<p data-start=\"1923\" data-end=\"2008\">A continuaci\u00f3n, enlaces a la configuraci\u00f3n de cookies de los navegadores m\u00e1s comunes:<\/p>\n<ul data-start=\"2010\" data-end=\"2077\">\n<li data-start=\"2010\" data-end=\"2027\">\n<p data-start=\"2012\" data-end=\"2027\">Google Chrome<\/p>\n<\/li>\n<li data-start=\"2028\" data-end=\"2047\">\n<p data-start=\"2030\" data-end=\"2047\">Mozilla Firefox<\/p>\n<\/li>\n<li data-start=\"2048\" data-end=\"2058\">\n<p data-start=\"2050\" data-end=\"2058\">Safari<\/p>\n<\/li>\n<li data-start=\"2059\" data-end=\"2077\">\n<p data-start=\"2061\" data-end=\"2077\">Microsoft Edge<\/p>\n<\/li>\n<\/ul>\n<p data-start=\"2079\" data-end=\"2149\">(La gesti\u00f3n de cookies puede variar seg\u00fan el navegador y dispositivo).<\/p>\n<hr data-start=\"2151\" data-end=\"2154\" \/>\n<h2 data-start=\"2156\" data-end=\"2185\">4. ACEPTACI\u00d3N DE COOKIES<\/h2>\n<p data-start=\"2186\" data-end=\"2301\">Al acceder por primera vez a este sitio web, el usuario ver\u00e1 un aviso o banner informativo sobre el uso de cookies.<\/p>\n<p data-start=\"2303\" data-end=\"2320\">El usuario puede:<\/p>\n<ul data-start=\"2321\" data-end=\"2421\">\n<li data-start=\"2321\" data-end=\"2350\">\n<p data-start=\"2323\" data-end=\"2350\">Aceptar todas las cookies<\/p>\n<\/li>\n<li data-start=\"2351\" data-end=\"2389\">\n<p data-start=\"2353\" data-end=\"2389\">Rechazar las cookies no necesarias<\/p>\n<\/li>\n<li data-start=\"2390\" data-end=\"2421\">\n<p data-start=\"2392\" data-end=\"2421\">Configurar sus preferencias<\/p>\n<\/li>\n<\/ul>\n<p data-start=\"2423\" data-end=\"2524\">La aceptaci\u00f3n de cookies se considera v\u00e1lida mientras no se modifique la configuraci\u00f3n del navegador.<\/p>\n<hr data-start=\"2526\" data-end=\"2529\" \/>\n<h2 data-start=\"2531\" data-end=\"2574\">5. CONSECUENCIAS DE DESACTIVAR COOKIES<\/h2>\n<p data-start=\"2575\" data-end=\"2741\">La desactivaci\u00f3n de algunas cookies puede afectar al correcto funcionamiento del sitio web y a la experiencia del usuario, especialmente durante el proceso de compra.<\/p>\n<hr data-start=\"2743\" data-end=\"2746\" \/>\n<h2 data-start=\"2748\" data-end=\"2796\">6. MODIFICACIONES DE LA POL\u00cdTICA DE COOKIES<\/h2>\n<p data-start=\"2797\" data-end=\"2934\">INFORMALINE se reserva el derecho de modificar esta Pol\u00edtica de Cookies en cualquier momento para adaptarla a cambios legales o t\u00e9cnicos.<\/p>\n<p data-start=\"2936\" data-end=\"2993\">Las modificaciones ser\u00e1n publicadas en esta misma p\u00e1gina.<\/p>\n<hr data-start=\"2995\" data-end=\"2998\" \/>\n<h2 data-start=\"3000\" data-end=\"3016\">7. CONTACTO<\/h2>\n<p data-start=\"3017\" data-end=\"3104\">Para cualquier duda relacionada con el uso de cookies, puedes contactarnos a trav\u00e9s de:<\/p>\n<p data-start=\"3106\" data-end=\"3216\">\ud83d\udce9 <strong data-start=\"3109\" data-end=\"3119\">Email:<\/strong> <a class=\"decorated-link cursor-pointer\" rel=\"noopener\" data-start=\"3120\" data-end=\"3142\">infos@informalinecv.es<\/a><br data-start=\"3142\" data-end=\"3145\" \/>\ud83d\udcde <strong data-start=\"3148\" data-end=\"3161\">Tel\u00e9fono:<\/strong> +212 701 119 107<br data-start=\"3178\" data-end=\"3181\" \/>\ud83d\udcac <strong data-start=\"3184\" data-end=\"3197\">WhatsApp:<\/strong> +34 692 22 96 99<\/p>\n\t\t\n<style>\n#text-4031085579 {\n  font-size: 0.9rem;\n}\n<\/style>\n\t<\/div>\n\t\n\n\t\t<\/div>\n\t\t\t\t\t<\/div>\n\n\t\n\n<\/div>\n\n\t\t<\/div>\n\n\t\t\n<style>\n#section_1870371203 {\n  padding-top: 30px;\n  padding-bottom: 30px;\n}\n<\/style>\n\t<\/section>","protected":false},"excerpt":{"rendered":"","protected":false},"author":1,"featured_media":0,"parent":0,"menu_order":0,"comment_status":"closed","ping_status":"closed","template":"","meta":{"footnotes":""},"class_list":["post-272","page","type-page","status-publish","hentry"],"_links":{"self":[{"href":"https:\/\/informalinecv.es\/en\/wp-json\/wp\/v2\/pages\/272","targetHints":{"allow":["GET"]}}],"collection":[{"href":"https:\/\/informalinecv.es\/en\/wp-json\/wp\/v2\/pages"}],"about":[{"href":"https:\/\/informalinecv.es\/en\/wp-json\/wp\/v2\/types\/page"}],"author":[{"embeddable":true,"href":"https:\/\/informalinecv.es\/en\/wp-json\/wp\/v2\/users\/1"}],"replies":[{"embeddable":true,"href":"https:\/\/informalinecv.es\/en\/wp-json\/wp\/v2\/comments?post=272"}],"version-history":[{"count":1,"href":"https:\/\/informalinecv.es\/en\/wp-json\/wp\/v2\/pages\/272\/revisions"}],"predecessor-version":[{"id":369,"href":"https:\/\/informalinecv.es\/en\/wp-json\/wp\/v2\/pages\/272\/revisions\/369"}],"wp:attachment":[{"href":"https:\/\/informalinecv.es\/en\/wp-json\/wp\/v2\/media?parent=272"}],"curies":[{"name":"wp","href":"https:\/\/api.w.org\/{rel}","templated":true}]}}