{"id":1119,"date":"2026-02-21T14:46:52","date_gmt":"2026-02-21T14:46:52","guid":{"rendered":"https:\/\/informalinecv.es\/?page_id=1119"},"modified":"2026-02-22T14:20:17","modified_gmt":"2026-02-22T14:20:17","slug":"hazte-con-tu-rincon-en-la-red","status":"publish","type":"page","link":"https:\/\/informalinecv.es\/en\/hazte-con-tu-rincon-en-la-red","title":{"rendered":"Dominios"},"content":{"rendered":"<section class=\"section\" id=\"section_1549539964\">\n\t\t<div class=\"section-bg fill\" >\n\t\t\t\t\t\t\t\t\t\n\t\t\t\n\n\t\t<\/div>\n\n\t\t\n\n\t\t<div class=\"section-content relative\">\n\t\t\t\n\n\t<div id=\"gap-1920334691\" class=\"gap-element clearfix\" style=\"display:block; height:auto;\">\n\t\t\n<style>\n#gap-1920334691 {\n  padding-top: 30px;\n}\n<\/style>\n\t<\/div>\n\t\n\n<div class=\"row align-center\"  id=\"row-203126280\">\n\n\n\t<div id=\"col-1620968712\" class=\"col medium-12 small-12 large-12\"  >\n\t\t\t\t<div class=\"col-inner text-center\"  >\n\t\t\t\n\t\t\t\n\n\t<div id=\"text-2149238221\" class=\"text\">\n\t\t\n\n<h3><strong>Reventa y gesti\u00f3n automatizada de dominios<\/strong><\/h3>\n\t\t\n<style>\n#text-2149238221 {\n  font-size: 1.75rem;\n  line-height: 1.25;\n}\n@media (min-width:850px) {\n  #text-2149238221 {\n    line-height: 1.25;\n  }\n}\n<\/style>\n\t<\/div>\n\t\n\n\t\t<\/div>\n\t\t\t\t\t<\/div>\n\n\t\n\n<\/div>\n<p><strong>Nos integramos con todos los principales registradores de dominios para proporcionar registro autom\u00e1tico, comprobaci\u00f3n de disponibilidad de dominios en tiempo real, gesti\u00f3n de servidores de nombres, renovaciones autom\u00e1ticas y mucho m\u00e1s.<\/strong><\/p>\n\t<div class=\"img has-hover x md-x lg-x y md-y lg-y\" id=\"image_1055964046\">\n\t\t\t\t\t\t\t\t<div class=\"img-inner dark\" >\n\t\t\t<img loading=\"lazy\" decoding=\"async\" width=\"1020\" height=\"92\" src=\"https:\/\/informalinecv.es\/wp-content\/uploads\/2026\/02\/WhatsApp-Image-2026-02-22-at-13.19.03-1024x92.jpeg\" class=\"attachment-large size-large\" alt=\"\" srcset=\"https:\/\/informalinecv.es\/wp-content\/uploads\/2026\/02\/WhatsApp-Image-2026-02-22-at-13.19.03-1024x92.jpeg 1024w, https:\/\/informalinecv.es\/wp-content\/uploads\/2026\/02\/WhatsApp-Image-2026-02-22-at-13.19.03-300x27.jpeg 300w, https:\/\/informalinecv.es\/wp-content\/uploads\/2026\/02\/WhatsApp-Image-2026-02-22-at-13.19.03-768x69.jpeg 768w, https:\/\/informalinecv.es\/wp-content\/uploads\/2026\/02\/WhatsApp-Image-2026-02-22-at-13.19.03-18x2.jpeg 18w, https:\/\/informalinecv.es\/wp-content\/uploads\/2026\/02\/WhatsApp-Image-2026-02-22-at-13.19.03-600x54.jpeg 600w, https:\/\/informalinecv.es\/wp-content\/uploads\/2026\/02\/WhatsApp-Image-2026-02-22-at-13.19.03.jpeg 1119w\" sizes=\"auto, (max-width: 1020px) 100vw, 1020px\" \/>\t\t\t\t\t\t\n\t\t\t\t\t<\/div>\n\t\t\t\t\t\t\t\t\n<style>\n#image_1055964046 {\n  width: 100%;\n}\n<\/style>\n\t<\/div>\n\t\n\n<p style=\"text-align: center;\"><strong>Sugerencias inteligentes de nombres de dominio<\/strong><br \/><strong>Las sugerencias, tambi\u00e9n conocidas como Domain Namespinning, funcionan proporcionando a tus clientes sugerencias inteligentes de nombres de dominio en el momento en que buscan comprar un dominio, aumentando las posibilidades de conseguir una conversi\u00f3n y, a menudo, conduciendo a la venta de nombres adicionales.y, a menudo, conduciendo a la venta de nombres adicionales.<\/strong><\/p>\n<div class=\"row row-small\"  id=\"row-1813767023\">\n\n\n<\/div>\n\t<div id=\"gap-1958803453\" class=\"gap-element clearfix\" style=\"display:block; height:auto;\">\n\t\t\n<style>\n#gap-1958803453 {\n  padding-top: 30px;\n}\n<\/style>\n\t<\/div>\n\t\n\n<div class=\"row align-center\"  id=\"row-1788577138\">\n\n\n\t<div id=\"col-394425264\" class=\"col medium-5 small-12 large-5\"  >\n\t\t\t\t<div class=\"col-inner text-center\"  >\n\t\t\t\n\t\t\t\n\n<a class=\"button secondary\" style=\"border-radius:99px;\">\n\t\t<span>Y MUCHO MAS<\/span>\n\t<\/a>\n\n\n\n\t\t<\/div>\n\t\t\t\t\t<\/div>\n\n\t\n\n<\/div>\n\n\t\t<\/div>\n\n\t\t\n<style>\n#section_1549539964 {\n  padding-top: 40px;\n  padding-bottom: 40px;\n}\n@media (min-width:550px) {\n  #section_1549539964 {\n    padding-top: 20px;\n    padding-bottom: 20px;\n  }\n}\n@media (min-width:850px) {\n  #section_1549539964 {\n    padding-top: 50px;\n    padding-bottom: 50px;\n  }\n}\n<\/style>\n\t<\/section>","protected":false},"excerpt":{"rendered":"","protected":false},"author":6,"featured_media":0,"parent":0,"menu_order":0,"comment_status":"closed","ping_status":"closed","template":"","meta":{"footnotes":""},"class_list":["post-1119","page","type-page","status-publish","hentry"],"_links":{"self":[{"href":"https:\/\/informalinecv.es\/en\/wp-json\/wp\/v2\/pages\/1119","targetHints":{"allow":["GET"]}}],"collection":[{"href":"https:\/\/informalinecv.es\/en\/wp-json\/wp\/v2\/pages"}],"about":[{"href":"https:\/\/informalinecv.es\/en\/wp-json\/wp\/v2\/types\/page"}],"author":[{"embeddable":true,"href":"https:\/\/informalinecv.es\/en\/wp-json\/wp\/v2\/users\/6"}],"replies":[{"embeddable":true,"href":"https:\/\/informalinecv.es\/en\/wp-json\/wp\/v2\/comments?post=1119"}],"version-history":[{"count":5,"href":"https:\/\/informalinecv.es\/en\/wp-json\/wp\/v2\/pages\/1119\/revisions"}],"predecessor-version":[{"id":1208,"href":"https:\/\/informalinecv.es\/en\/wp-json\/wp\/v2\/pages\/1119\/revisions\/1208"}],"wp:attachment":[{"href":"https:\/\/informalinecv.es\/en\/wp-json\/wp\/v2\/media?parent=1119"}],"curies":[{"name":"wp","href":"https:\/\/api.w.org\/{rel}","templated":true}]}}